{"id":6,"date":"2023-03-07T03:42:18","date_gmt":"2023-03-07T03:42:18","guid":{"rendered":"https:\/\/servcolombiactiva.com\/?page_id=6"},"modified":"2025-03-21T14:26:15","modified_gmt":"2025-03-21T14:26:15","slug":"inicio","status":"publish","type":"page","link":"https:\/\/servcolombiactiva.com\/","title":{"rendered":"SERVICIOS COLOMBIACTIVA"},"content":{"rendered":"\n[et_pb_section fb_built=&#8221;1&#8243; admin_label=&#8221;section&#8221; _builder_version=&#8221;4.17.6&#8243; module_alignment=&#8221;center&#8221; global_colors_info=&#8221;{}&#8221;][et_pb_row admin_label=&#8221;row&#8221; _builder_version=&#8221;4.17.6&#8243; background_size=&#8221;initial&#8221; background_position=&#8221;top_left&#8221; background_repeat=&#8221;repeat&#8221; global_colors_info=&#8221;{}&#8221;][et_pb_column type=&#8221;4_4&#8243; _builder_version=&#8221;4.16&#8243; custom_padding=&#8221;|||&#8221; global_colors_info=&#8221;{}&#8221; custom_padding__hover=&#8221;|||&#8221;][et_pb_text admin_label=&#8221;Text&#8221; _builder_version=&#8221;4.17.6&#8243; background_size=&#8221;initial&#8221; background_position=&#8221;top_left&#8221; background_repeat=&#8221;repeat&#8221; global_colors_info=&#8221;{}&#8221;]<h1 style=\"text-align: center;\"><strong><span style=\"color: #0000ff;\"><span style=\"vertical-align: inherit;\"><span style=\"vertical-align: inherit;\">\u201cEn nuestra trayectoria hemos ayudado por medio\u00a0 de\u00a0 Brigadas, campa\u00f1as y <\/span><\/span><\/span><\/strong><br \/><strong><span style=\"color: #0000ff;\"><span style=\"vertical-align: inherit;\"><span style=\"vertical-align: inherit;\">otros eventos a m\u00e1s de 1.100.000 de personas\u201d<\/span><\/span><\/span><\/strong><\/h1>[\/et_pb_text][et_pb_image src=&#8221;http:\/\/servcolombiactiva.com\/wp-content\/uploads\/2023\/05\/logo-recorte.jpg&#8221; title_text=&#8221;logo recorte&#8221; align=&#8221;center&#8221; force_fullwidth=&#8221;on&#8221; _builder_version=&#8221;4.17.6&#8243; _module_preset=&#8221;default&#8221; background_color=&#8221;#FFFFFF&#8221; module_alignment=&#8221;center&#8221; custom_padding=&#8221;|60px|50px|||&#8221; box_shadow_style=&#8221;preset1&#8243; box_shadow_color=&#8221;#FFFFFF&#8221; global_colors_info=&#8221;{}&#8221;][\/et_pb_image][et_pb_image src=&#8221;http:\/\/servcolombiactiva.com\/wp-content\/uploads\/2023\/05\/100_2222-scaled.jpg&#8221; title_text=&#8221;KODAK Digital Still Camera&#8221; align=&#8221;center&#8221; force_fullwidth=&#8221;on&#8221; _builder_version=&#8221;4.17.6&#8243; _module_preset=&#8221;default&#8221; background_color=&#8221;#FFFFFF&#8221; module_alignment=&#8221;center&#8221; custom_padding=&#8221;|60px|50px|||&#8221; animation_style=&#8221;slide&#8221; box_shadow_style=&#8221;preset1&#8243; box_shadow_color=&#8221;#FFFFFF&#8221; global_colors_info=&#8221;{}&#8221;][\/et_pb_image][et_pb_text _builder_version=&#8221;4.17.6&#8243; _module_preset=&#8221;default&#8221; hover_enabled=&#8221;0&#8243; sticky_enabled=&#8221;0&#8243; custom_padding=&#8221;38px|||||&#8221;]<p style=\"text-align: justify;\"><strong><span style=\"color: #0c71c3;\"><span style=\"vertical-align: inherit;\"><span style=\"vertical-align: inherit;\">Servicios Colombiactiva es una Fundaci\u00f3n que, con base en la <\/span><\/span><\/span><\/strong><br \/><strong><span style=\"color: #0c71c3;\"><span style=\"vertical-align: inherit;\"><span style=\"vertical-align: inherit;\">recolecci\u00f3n de donaciones de las empresas Y personas naturales, <\/span><\/span><\/span><\/strong><br \/><strong><span style=\"color: #0c71c3;\"><span style=\"vertical-align: inherit;\"><span style=\"vertical-align: inherit;\">realiza trabajo social en diversos grupos vulnerables (por desempleo, <\/span><\/span><\/span><\/strong><br \/><strong><span style=\"color: #0c71c3;\"><span style=\"vertical-align: inherit;\"><span style=\"vertical-align: inherit;\">desplazamiento, pobreza), ubicados principalmente en Soacha, Ciudad <\/span><\/span><\/span><\/strong><br \/><strong><span style=\"color: #0c71c3;\"><span style=\"vertical-align: inherit;\"><span style=\"vertical-align: inherit;\">Bol\u00edvar y Cazuc\u00e1, espec\u00edficamente en los barrios Caracol\u00ed, Potos\u00ed, Robles, <\/span><\/span><\/span><\/strong><br \/><strong><span style=\"color: #0c71c3;\"><span style=\"vertical-align: inherit;\"><span style=\"vertical-align: inherit;\">Oasis, Jerusal\u00e9n, Tres Esquinas, Santa Viviana, Porto alegre y Bochica; <\/span><\/span><\/span><\/strong><br \/><strong><span style=\"color: #0c71c3;\"><span style=\"vertical-align: inherit;\"><span style=\"vertical-align: inherit;\">fuera de Bogot\u00e1 (Sibat\u00e9, San francisco-Cundinamarca, Sasaima, La <\/span><\/span><\/span><\/strong><br \/><strong><span style=\"color: #0c71c3;\"><span style=\"vertical-align: inherit;\"><span style=\"vertical-align: inherit;\">palma-Cundinamarca.) <\/span><\/span><\/span><\/strong><br \/><strong><span style=\"color: #0c71c3;\"><span style=\"vertical-align: inherit;\"><span style=\"vertical-align: inherit;\">Nos dedicamos a realizar bazares y brigadas en las que entregamos a <\/span><\/span><\/span><\/strong><br \/><strong><span style=\"color: #0c71c3;\"><span style=\"vertical-align: inherit;\"><span style=\"vertical-align: inherit;\">nuestros beneficiarios.<\/span><\/span><\/span><\/strong><\/p>[\/et_pb_text][et_pb_image src=&#8221;http:\/\/servcolombiactiva.com\/wp-content\/uploads\/2023\/05\/FOTO.jpg&#8221; title_text=&#8221;FOTO&#8221; align=&#8221;center&#8221; _builder_version=&#8221;4.17.6&#8243; _module_preset=&#8221;default&#8221; global_colors_info=&#8221;{}&#8221;][\/et_pb_image][et_pb_gallery gallery_ids=&#8221;40,43,44,42,45&#8243; _builder_version=&#8221;4.17.6&#8243; _module_preset=&#8221;default&#8221; global_colors_info=&#8221;{}&#8221;][\/et_pb_gallery][\/et_pb_column][\/et_pb_row][\/et_pb_section]\n","protected":false},"excerpt":{"rendered":"<p>\u201cEn nuestra trayectoria hemos ayudado por medio\u00a0 de\u00a0 Brigadas, campa\u00f1as y otros eventos a m\u00e1s de 1.100.000 de personas\u201dServicios Colombiactiva es una Fundaci\u00f3n que, con base en la recolecci\u00f3n de donaciones de las empresas Y personas naturales, realiza trabajo social en diversos grupos vulnerables (por desempleo, desplazamiento, pobreza), ubicados principalmente en Soacha, Ciudad Bol\u00edvar y [&hellip;]<\/p>\n","protected":false},"author":1,"featured_media":11,"parent":0,"menu_order":0,"comment_status":"closed","ping_status":"closed","template":"page-template-blank.php","meta":{"_et_pb_use_builder":"on","_et_pb_old_content":"<!-- wp:divi\/placeholder \/-->","_et_gb_content_width":"","footnotes":""},"class_list":["post-6","page","type-page","status-publish","has-post-thumbnail","hentry"],"_links":{"self":[{"href":"https:\/\/servcolombiactiva.com\/index.php\/wp-json\/wp\/v2\/pages\/6","targetHints":{"allow":["GET"]}}],"collection":[{"href":"https:\/\/servcolombiactiva.com\/index.php\/wp-json\/wp\/v2\/pages"}],"about":[{"href":"https:\/\/servcolombiactiva.com\/index.php\/wp-json\/wp\/v2\/types\/page"}],"author":[{"embeddable":true,"href":"https:\/\/servcolombiactiva.com\/index.php\/wp-json\/wp\/v2\/users\/1"}],"replies":[{"embeddable":true,"href":"https:\/\/servcolombiactiva.com\/index.php\/wp-json\/wp\/v2\/comments?post=6"}],"version-history":[{"count":16,"href":"https:\/\/servcolombiactiva.com\/index.php\/wp-json\/wp\/v2\/pages\/6\/revisions"}],"predecessor-version":[{"id":418,"href":"https:\/\/servcolombiactiva.com\/index.php\/wp-json\/wp\/v2\/pages\/6\/revisions\/418"}],"wp:featuredmedia":[{"embeddable":true,"href":"https:\/\/servcolombiactiva.com\/index.php\/wp-json\/wp\/v2\/media\/11"}],"wp:attachment":[{"href":"https:\/\/servcolombiactiva.com\/index.php\/wp-json\/wp\/v2\/media?parent=6"}],"curies":[{"name":"wp","href":"https:\/\/api.w.org\/{rel}","templated":true}]}}